{"id":74,"date":"2022-01-17T15:53:02","date_gmt":"2022-01-17T15:53:02","guid":{"rendered":"https:\/\/desa-ventaempresas.cencosud.com.ar\/?page_id=74"},"modified":"2022-03-08T01:55:47","modified_gmt":"2022-03-08T01:55:47","slug":"cencosud","status":"publish","type":"page","link":"https:\/\/ventaempresas.cencosud.com.ar\/?page_id=74","title":{"rendered":"Cencosud"},"content":{"rendered":"\n<style>\n    .wp-block-column h4 {\n        line-height: 15px !important;\n    }\n    .wp-block-column p{\n        font-size: 12px !important;\n    }\n<\/style>\n\n\n\n<div class=\"wp-block-columns is-layout-flex wp-container-core-columns-layout-1 wp-block-columns-is-layout-flex\">\n<div class=\"wp-block-column is-layout-flow wp-block-column-is-layout-flow\" style=\"flex-basis:66.66%\">\n<figure class=\"wp-block-image size-full\"><img loading=\"lazy\" decoding=\"async\" width=\"760\" height=\"269\" src=\"https:\/\/ventaempresas.cencosud.com.ar\/wp-content\/uploads\/2022\/03\/destacado-int-cencosud.jpg\" alt=\"\" class=\"wp-image-350\" srcset=\"https:\/\/ventaempresas.cencosud.com.ar\/wp-content\/uploads\/2022\/03\/destacado-int-cencosud.jpg 760w, https:\/\/ventaempresas.cencosud.com.ar\/wp-content\/uploads\/2022\/03\/destacado-int-cencosud-300x106.jpg 300w\" sizes=\"(max-width: 760px) 100vw, 760px\" \/><\/figure>\n\n\n\n<h2 class=\"wp-block-heading\"><\/h2>\n\n\n\n<p class=\"has-luminous-vivid-orange-color has-text-color\"><strong>Cencosud es una compa\u00f1\u00eda con una estructura de negocios de retail multiformato y con m\u00e1s de 150.000 colaboradores en toda Sudam\u00e9rica. Tiene operaciones en Chile, Argentina, Colombia, Per\u00fa y Brasil. A su vez, cuenta con una oficina comercial en China.<\/strong><\/p>\n\n\n\n<p>En el a\u00f1o 1982 llega a la Argentina con la apertura de un hipermercado Jumbo en Buenos Aires. En 1988 inaugura Unicenter, el centro comercial m\u00e1s grande de Argentina. En 1993 Cencosud ingresa en el negocio de las tiendas de mejoramiento para el hogar con el primer Easy en nuestro pa\u00eds. En diciembre de 1997 comienza a operar el centro comercial Quilmes Factory, en diciembre de 1998 Las Palmas de Pilar , en febrero del 2000 el Portal de Escobar y en noviembre del 2001 se inaugura el Centro Comercial Los Andes en Mendoza. En 2003 la Compa\u00f1\u00eda adquiere la cadena de supermercados Disco y en octubre del 2004 inaugura el centro comercial m\u00e1s grande del interior del pa\u00eds: Portal Rosario. En 2007 Cencosud firma el acuerdo de adquisici\u00f3n de la cadena Blaisten. En el 2011 nace Giftcard Cencosud, una Tarjeta con montos precargados que puede ser utilizada en m\u00e1s de 300 locales de Disco, Vea, Jumbo, Easy y Blaisten de todo el pa\u00eds.<\/p>\n\n\n\n<p><br>En la actualidad sus operaciones en Argentina se extienden a los negocios de supermercados, mejoramiento del hogar, centros comerciales, y retail financiero.<\/p>\n\n\n\n<p><a href=\"https:\/\/ventaempresas.cencosud.com.ar\/wp-content\/uploads\/2022\/01\/CodigoEticaChile-2018.pdf\">Codigo de Etica<\/a><\/p>\n<\/div>\n\n\n\n<div class=\"wp-block-column is-layout-flow wp-block-column-is-layout-flow\" style=\"flex-basis:33.33%\">\r\n\r\n            <style>\r\n                #formulario {\r\n    border: solid 1px rgb(191, 191, 191);\r\n    border-radius: 4px;\r\n    padding: 15px 20px 50px 20px;\r\n    font-size: 12px;\r\n    font-weight: bold;\r\n}\r\n\r\n#formulario #fname{\r\n    font-size: 22px;\r\n    font-weight: bold;\r\n    text-align: center;\r\n    padding-bottom: 5px;\r\n}\r\n\r\n#formulario label{\r\n    margin-bottom: unset !important;\r\n    color: #0072bc;\r\n\r\n}\r\n\r\n#formulario .form-group {\r\n    margin: unset !important;\r\n}\r\n\r\n#formulario #recaptcha {\r\n    padding-top: 20px;\r\n    padding-bottom: 20px;\r\n}\r\n\r\n#formulario textarea {\r\n     height: 70px\r\n}\r\n\r\n#formulario #formbtn {\r\n    color: #f28d01;\r\n    border: solid 2px #f28d01;\r\n    background-color: #FFFF;\r\n    font-weight: bold;\r\n    padding-top: 3px;\r\n    padding-bottom: 3px;\r\n    padding-left: 15px;\r\n    padding-right: 15px;\r\n}\r\n\r\n                                            \r\n            <\/style>\r\n\r\n        <div id=\"formulario\"><form id=\"form\" onsubmit=\"return false;\"><div id=\"fname\">CONSULTANOS<\/div><input type='hidden' value='ds70ULa2F91y0gvTFULH1EkgO' name='idform'><div class=\"form-group\">  <label for=\"field-1\">Nombre * <\/label> <input type=\"text\" pattern=\"[a-zA-Z0-9]+\" min=\"1\" max=\"200\" class=\"form-control form-control-sm required\" name=\"Nombre\" id=\"field-1\" ><small class=\"form-text text-muted\"><\/small> <\/div><div class=\"form-group\">  <label for=\"field-2\">Apellido * <\/label> <input type=\"text\" pattern=\"[a-zA-Z0-9]+\" min=\"1\" max=\"200\" class=\"form-control form-control-sm required\" name=\"Apellido\" id=\"field-2\" ><small class=\"form-text text-muted\"><\/small> <\/div><div class=\"form-group\">  <label for=\"field-3\">Email * <\/label> <input type=\"email\" class=\"form-control form-control-sm required\" name=\"Email\" id=\"field-3\" ><small class=\"form-text text-muted\"><\/small> <\/div><div class=\"form-group\">  <label for=\"field-5\">Telefono<\/label> <input type=\"tel\" min=\"1\" max=\"15\" class=\"form-control form-control-sm \" name=\"Telefono\" id=\"field-5\" ><small class=\"form-text text-muted\"><\/small> <\/div><div class=\"form-group\">  <label for=\"field-6\">Celular * <\/label> <input type=\"tel\" min=\"1\" max=\"15\" class=\"form-control form-control-sm required\" name=\"Celular\" id=\"field-6\" ><small class=\"form-text text-muted\"><\/small> <\/div><div class=\"form-group\">  <label for=\"field-7\">Cuerpo del Mensaje * <\/label><textarea class=\"form-control\" name=\"Cuerpo del Mensaje\" id=\"field-7\" rows=\"3\"><\/textarea> <small class=\"form-text text-muted\"><\/small> <\/div><div class=\"form-group\"> <div class=\"form-check\">  <input class=\"form-check-input\" type=\"checkbox\" name=\"Suscribirme a Newsletter\" id=\"field-8\" > <label class=\"form-check-label\" for=\"field-8\"> Suscribirme a Newsletter <\/label> <\/div><small class=\"form-text text-muted\"><\/small> <\/div> \r\n\r\n            <div class=\"form-group\">\r\n                <div class=\"form-check\">\r\n                <input class=\"form-check-input required\" type=\"checkbox\" name=\"tyc\" id=\"tyc\" >\r\n                <label class=\"form-check-label\" for=\"tyc\">\r\n                   <a href=\"https:\/\/ventaempresas.cencosud.com.ar\/?p=142\" target=\"_blank\"> Acepto los Terminos y Condiciones <\/a>\r\n                <\/label>\r\n                <\/div>\r\n            <\/div>\r\n\r\n            <div id=\"recaptcha\" class=\"form-group\" style=\"margin-top: 30px; margin-bottom: 30px;\">\r\n                <center><div class=\"g-recaptcha\" data-sitekey=\"6Le7jMIeAAAAAOC4FiyMtEsa6ppVrHLkoVXa1YlW\"><\/div><\/center>\r\n            <\/div>\r\n\r\n        <\/form>\r\n    \r\n        <button id=\"formbtn\" class=\"float-right btn btn-primary alin\">Enviar<\/button> \r\n    <\/div>\n<\/div>\n<\/div>\n\n\n\n<p><\/p>\n","protected":false},"excerpt":{"rendered":"<p>Cencosud es una compa\u00f1\u00eda con una estructura de negocios de retail multiformato y con m\u00e1s de 150.000 colaboradores en toda Sudam\u00e9rica. Tiene operaciones en Chile, Argentina, Colombia, Per\u00fa y Brasil. A su vez, cuenta con una oficina comercial en China. En el a\u00f1o 1982 llega a la Argentina con la apertura de un hipermercado Jumbo [&hellip;]<\/p>\n","protected":false},"author":1,"featured_media":0,"parent":0,"menu_order":0,"comment_status":"closed","ping_status":"closed","template":"","meta":{"footnotes":""},"_links":{"self":[{"href":"https:\/\/ventaempresas.cencosud.com.ar\/index.php?rest_route=\/wp\/v2\/pages\/74"}],"collection":[{"href":"https:\/\/ventaempresas.cencosud.com.ar\/index.php?rest_route=\/wp\/v2\/pages"}],"about":[{"href":"https:\/\/ventaempresas.cencosud.com.ar\/index.php?rest_route=\/wp\/v2\/types\/page"}],"author":[{"embeddable":true,"href":"https:\/\/ventaempresas.cencosud.com.ar\/index.php?rest_route=\/wp\/v2\/users\/1"}],"replies":[{"embeddable":true,"href":"https:\/\/ventaempresas.cencosud.com.ar\/index.php?rest_route=%2Fwp%2Fv2%2Fcomments&post=74"}],"version-history":[{"count":3,"href":"https:\/\/ventaempresas.cencosud.com.ar\/index.php?rest_route=\/wp\/v2\/pages\/74\/revisions"}],"predecessor-version":[{"id":351,"href":"https:\/\/ventaempresas.cencosud.com.ar\/index.php?rest_route=\/wp\/v2\/pages\/74\/revisions\/351"}],"wp:attachment":[{"href":"https:\/\/ventaempresas.cencosud.com.ar\/index.php?rest_route=%2Fwp%2Fv2%2Fmedia&parent=74"}],"curies":[{"name":"wp","href":"https:\/\/api.w.org\/{rel}","templated":true}]}}