{"id":69,"date":"2022-01-17T15:49:47","date_gmt":"2022-01-17T15:49:47","guid":{"rendered":"https:\/\/desa-ventaempresas.cencosud.com.ar\/?page_id=69"},"modified":"2022-03-25T15:12:37","modified_gmt":"2022-03-25T15:12:37","slug":"faqs","status":"publish","type":"page","link":"https:\/\/ventaempresas.cencosud.com.ar\/?page_id=69","title":{"rendered":"FAQs"},"content":{"rendered":"\n<style>\n\n    .wp-block-group__inner-container  p {\n        margin-bottom: unset !important;\n\n    }\n\n    .wp-block-group {\n        margin-bottom: 10px;\n    }\n<\/style>\n\n\n\n<div class=\"wp-block-columns is-layout-flex wp-container-core-columns-layout-1 wp-block-columns-is-layout-flex\">\n<div class=\"wp-block-column is-layout-flow wp-block-column-is-layout-flow\" style=\"flex-basis:66.66%\">\n<h2 class=\"wp-block-heading\">PREGUNTAS FRECUENTES<\/h2>\n\n\n\n<figure class=\"wp-block-image size-full\"><img loading=\"lazy\" decoding=\"async\" width=\"759\" height=\"3\" src=\"http:\/\/g100603awbbc\/wp-content\/uploads\/2022\/01\/image-5.jpeg\" alt=\"\" class=\"wp-image-72\" srcset=\"https:\/\/ventaempresas.cencosud.com.ar\/wp-content\/uploads\/2022\/01\/image-5.jpeg 759w, https:\/\/ventaempresas.cencosud.com.ar\/wp-content\/uploads\/2022\/01\/image-5-300x1.jpeg 300w\" sizes=\"(max-width: 759px) 100vw, 759px\" \/><\/figure>\n\n\n\n<div class=\"wp-block-group is-layout-flow wp-block-group-is-layout-flow\"><div class=\"wp-block-group__inner-container\">\n<p><a href=\"javascript:void(0)\">\u00bfC\u00f3mo puedo comprar GiftCard para mi empresa?<\/a><\/p>\n\n\n\n<p>Para mayor informaci\u00f3n comunicate al 0800-555-2355 Op. 3 de lunes a viernes de 9 a 18hs. o envi\u00e1 un mail a\u00a0<a href=\"mailto:giftcard@cencosud.com.ar\">giftcard@cencosud.com.ar<\/a>\u00a0y a la brevedad un ejecutivo comercial se pondr\u00e1 en contacto.<\/p>\n<\/div><\/div>\n\n\n\n<div class=\"wp-block-group is-layout-flow wp-block-group-is-layout-flow\"><div class=\"wp-block-group__inner-container\">\n<p><a href=\"javascript:void(0)\">\u00bfQu\u00e9 es Giftcard Cencosud?<\/a><\/p>\n\n\n\n<p>Es una tarjeta que opera a trav\u00e9s de montos precargados y se utiliza para realizar compras en las cadenas Disco, Jumbo, Easy, Vea y Blaisten de la Rep\u00fablica Argentina<\/p>\n<\/div><\/div>\n\n\n\n<div class=\"wp-block-group is-layout-flow wp-block-group-is-layout-flow\"><div class=\"wp-block-group__inner-container\">\n<p><a href=\"javascript:void(0)\">\u00bfSe puede comprar cualquier producto en los puntos de venta?<\/a><\/p>\n\n\n\n<p>El beneficiario de la GiftCard Empresas puede acceder a cualquier producto dentro de las cadenas comerciales.<\/p>\n<\/div><\/div>\n\n\n\n<div class=\"wp-block-group is-layout-flow wp-block-group-is-layout-flow\"><div class=\"wp-block-group__inner-container\">\n<p><a href=\"javascript:void(0)\">\u00bfSe puede utilizar la GiftCard para hacer compras por Internet o v\u00eda telef\u00f3nica?<\/a><\/p>\n\n\n\n<p>S\u00ed, la tarjeta est\u00e1 habilitada para realizar compras a trav\u00e9s de los canales virtuales y telefonicos de las diferentes marcas.<\/p>\n<\/div><\/div>\n\n\n\n<div class=\"wp-block-group is-layout-flow wp-block-group-is-layout-flow\"><div class=\"wp-block-group__inner-container\">\n<p><a href=\"javascript:void(0)\">\u00bfSe puede utilizar el saldo en m\u00e1s de una compra?<\/a><\/p>\n\n\n\n<p>S\u00ed, el saldo puede utilizarse en una o m\u00e1s compras, hasta que el disponible de la GiftCard sea equivalente a $0 o hasta el vencimiento de la tarjeta.<\/p>\n<\/div><\/div>\n\n\n\n<div class=\"wp-block-group is-layout-flow wp-block-group-is-layout-flow\"><div class=\"wp-block-group__inner-container\">\n<p><a href=\"javascript:void(0)\">\u00bfEn caso que el monto de la compra sea mayor al disponible de la GiftCard, se puede adicionar otro medio de pago?<\/a><\/p>\n\n\n\n<p>S\u00ed, pod\u00e9s completar la compra con cualquier otro medio de pago.<\/p>\n<\/div><\/div>\n\n\n\n<div class=\"wp-block-group is-layout-flow wp-block-group-is-layout-flow\"><div class=\"wp-block-group__inner-container\">\n<p><a href=\"javascript:void(0)\">\u00bfCon la GiftCard se pueden realizar compras en cuotas?<\/a><\/p>\n\n\n\n<p>Con la tarjeta solo se pueden realizar compras en 1 pago (el monto de compra se deduce en forma autom\u00e1tica del saldo).<\/p>\n<\/div><\/div>\n\n\n\n<div class=\"wp-block-group is-layout-flow wp-block-group-is-layout-flow\"><div class=\"wp-block-group__inner-container\">\n<p><a href=\"javascript:void(0)\">\u00bfD\u00f3nde se puede consultar el disponible de la GiftCard?<\/a><\/p>\n\n\n\n<p>Se puede consultar el saldo de la Tarjeta, llamando al tel\u00f3fono 0800 555 2355 (opci\u00f3n 2)  o ingresando al bot\u00f3n <strong><a href=\"https:\/\/migiftcard.tarjetacencosud.com.ar\/ords\/f?p=123:LOGIN_DESKTOP:11975802821548:::::\" data-type=\"URL\" data-id=\"https:\/\/migiftcard.tarjetacencosud.com.ar\/ords\/f?p=123:LOGIN_DESKTOP:11975802821548:::::\">\u00abConoc\u00e9 el saldo de tu giftcard\u00bb<\/a><\/strong> ubicado en el men\u00fa del sitio web.<\/p>\n<\/div><\/div>\n\n\n\n<div class=\"wp-block-group is-layout-flow wp-block-group-is-layout-flow\"><div class=\"wp-block-group__inner-container\">\n<p><a href=\"javascript:void(0)\">\u00bfCu\u00e1l es el monto de carga de las tarjetas?<\/a><\/p>\n\n\n\n<p>El monto lo define la empresa.<\/p>\n<\/div><\/div>\n\n\n\n<div class=\"wp-block-group is-layout-flow wp-block-group-is-layout-flow\"><div class=\"wp-block-group__inner-container\">\n<p><a href=\"javascript:void(0)\">\u00bfLas tarjetas se pueden recargar?<\/a><\/p>\n\n\n\n<p>Solo las tarjetas nominadas (con nombre, apellido y DNI del beneficiario) pueden ser recargadas.<\/p>\n<\/div><\/div>\n\n\n\n<div class=\"wp-block-group is-layout-flow wp-block-group-is-layout-flow\"><div class=\"wp-block-group__inner-container\">\n<p><a href=\"javascript:void(0)\">\u00bfLa GiftCard accede a las promociones de las cadenas comerciales?<\/a><\/p>\n\n\n\n<p>La tarjeta accede a los descuentos que ofrecen los comercios al momento de efectuarse la compra, excluyendo las promociones que est\u00e1n asociadas a los medios de pago. Ejemplo: entidades bancarias.<\/p>\n<\/div><\/div>\n\n\n\n<div class=\"wp-block-group is-layout-flow wp-block-group-is-layout-flow\"><div class=\"wp-block-group__inner-container\">\n<p><a href=\"javascript:void(0)\">\u00bfLas compras con GiftCard suman puntos en Jumbo M\u00e1s y Vea Ahorro?<\/a><\/p>\n\n\n\n<p>La Tarjeta participa en los programas de fidelizaci\u00f3n establecidos por Cencosud S.A.<\/p>\n<\/div><\/div>\n\n\n\n<div class=\"wp-block-group is-layout-flow wp-block-group-is-layout-flow\"><div class=\"wp-block-group__inner-container\">\n<p><a href=\"javascript:void(0)\">\u00bfPor cu\u00e1nto tiempo se puede utilizar la Tarjeta?<\/a><\/p>\n\n\n\n<p>El saldo de la GiftCard puede ser utilizado por el lapso de 12 meses desde el momento de la recepci\u00f3n de la tarjeta. La vigencia del saldo de la tarjeta se puede visualizar en el frente de la misma.<\/p>\n<\/div><\/div>\n\n\n\n<div class=\"wp-block-group is-layout-flow wp-block-group-is-layout-flow\"><div class=\"wp-block-group__inner-container\">\n<p><a href=\"javascript:void(0)\">\u00bfQu\u00e9 pasa si un beneficiario de la tarjeta sufre un robo o extrav\u00edo de su GiftCard?<\/a><\/p>\n\n\n\n<p>Si la GiftCard es nominada debe comunicarse al 0800 555 2355 (opci\u00f3n 1), y efectuar la denuncia (solo se entrega reposici\u00f3n en caso que la tarjeta tenga saldo disponible). En caso que el pl\u00e1stico sea emitido al portador no cuenta con esta posibilidad.<\/p>\n<\/div><\/div>\n\n\n\n<div class=\"wp-block-group is-layout-flow wp-block-group-is-layout-flow\"><div class=\"wp-block-group__inner-container\">\n<p><a href=\"javascript:void(0)\">\u00bfEn cu\u00e1nto tiempo me llegan las tarjetas?<\/a><\/p>\n\n\n\n<p>Las tarjetas estar\u00e1n llegando al domicilio de la Empresa, dentro de los 10 d\u00edas h\u00e1biles posteriores a haber formalizado el pedido.<\/p>\n<\/div><\/div>\n\n\n\n<div class=\"wp-block-group is-layout-flow wp-block-group-is-layout-flow\"><div class=\"wp-block-group__inner-container\">\n<p><a href=\"javascript:void(0)\">\u00bfEntregan en todo el pa\u00eds?<\/a><\/p>\n\n\n\n<p>S\u00ed.<\/p>\n<\/div><\/div>\n\n\n\n<div class=\"wp-block-group is-layout-flow wp-block-group-is-layout-flow\"><div class=\"wp-block-group__inner-container\">\n<p><a href=\"javascript:void(0)\">\u00bfCu\u00e1les son los medios de pago habilitados para la compra de GiftCard?<\/a><\/p>\n\n\n\n<p>Por transferencia bancaria.<\/p>\n<\/div><\/div>\n\n\n\n<div class=\"wp-block-group is-layout-flow wp-block-group-is-layout-flow\"><div class=\"wp-block-group__inner-container\">\n<div class=\"wp-block-group is-layout-flow wp-block-group-is-layout-flow\"><div class=\"wp-block-group__inner-container\">\n<p><a href=\"javascript:void(0)\">\u00bfQu\u00e9 tipo de Giftcard existen?<\/a><\/p>\n\n\n\n<p>Existen 4 tipos de Giftcard: Giftcard Cencosud para realizar compras en Disco, Vea, Jumbo, Easy y Blaisten, Giftcard Mastercard para realizar compras en toda la red de comercios adheridos a Mastercard en Argentina, Giftcard Unicenter para comprar en todos los locales de Unicenter Shopping, Giftcard Portales que permite realizar compras en Palmas del Pilar, Plaza Oeste, Portal Rosario y Portal Patagonia.<\/p>\n<\/div><\/div>\n\n\n\n<p>Para mayor informaci\u00f3n comunicate al 0800-555-2355 Op. 3 de lunes a viernes de 9 a 18hs. o envi\u00e1 un mail a\u00a0<a href=\"mailto:giftcard@cencosud.com.ar\">giftcard@cencosud.com.ar<\/a>\u00a0y a la brevedad un ejecutivo comercial se pondr\u00e1 en contacto.<\/p>\n<\/div><\/div>\n<\/div>\n\n\n\n<div class=\"wp-block-column is-layout-flow wp-block-column-is-layout-flow\" style=\"flex-basis:33.33%\">\r\n\r\n            <style>\r\n                #formulario {\r\n    border: solid 1px rgb(191, 191, 191);\r\n    border-radius: 4px;\r\n    padding: 15px 20px 50px 20px;\r\n    font-size: 12px;\r\n    font-weight: bold;\r\n}\r\n\r\n#formulario #fname{\r\n    font-size: 22px;\r\n    font-weight: bold;\r\n    text-align: center;\r\n    padding-bottom: 5px;\r\n}\r\n\r\n#formulario label{\r\n    margin-bottom: unset !important;\r\n    color: #0072bc;\r\n\r\n}\r\n\r\n#formulario .form-group {\r\n    margin: unset !important;\r\n}\r\n\r\n#formulario #recaptcha {\r\n    padding-top: 20px;\r\n    padding-bottom: 20px;\r\n}\r\n\r\n#formulario textarea {\r\n     height: 70px\r\n}\r\n\r\n#formulario #formbtn {\r\n    color: #f28d01;\r\n    border: solid 2px #f28d01;\r\n    background-color: #FFFF;\r\n    font-weight: bold;\r\n    padding-top: 3px;\r\n    padding-bottom: 3px;\r\n    padding-left: 15px;\r\n    padding-right: 15px;\r\n}\r\n\r\n                                            \r\n            <\/style>\r\n\r\n        <div id=\"formulario\"><form id=\"form\" onsubmit=\"return false;\"><div id=\"fname\">CONSULTANOS<\/div><input type='hidden' value='ds70ULa2F91y0gvTFULH1EkgO' name='idform'><div class=\"form-group\">  <label for=\"field-1\">Nombre * <\/label> <input type=\"text\" pattern=\"[a-zA-Z0-9]+\" min=\"1\" max=\"200\" class=\"form-control form-control-sm required\" name=\"Nombre\" id=\"field-1\" ><small class=\"form-text text-muted\"><\/small> <\/div><div class=\"form-group\">  <label for=\"field-2\">Apellido * <\/label> <input type=\"text\" pattern=\"[a-zA-Z0-9]+\" min=\"1\" max=\"200\" class=\"form-control form-control-sm required\" name=\"Apellido\" id=\"field-2\" ><small class=\"form-text text-muted\"><\/small> <\/div><div class=\"form-group\">  <label for=\"field-3\">Email * <\/label> <input type=\"email\" class=\"form-control form-control-sm required\" name=\"Email\" id=\"field-3\" ><small class=\"form-text text-muted\"><\/small> <\/div><div class=\"form-group\">  <label for=\"field-5\">Telefono<\/label> <input type=\"tel\" min=\"1\" max=\"15\" class=\"form-control form-control-sm \" name=\"Telefono\" id=\"field-5\" ><small class=\"form-text text-muted\"><\/small> <\/div><div class=\"form-group\">  <label for=\"field-6\">Celular * <\/label> <input type=\"tel\" min=\"1\" max=\"15\" class=\"form-control form-control-sm required\" name=\"Celular\" id=\"field-6\" ><small class=\"form-text text-muted\"><\/small> <\/div><div class=\"form-group\">  <label for=\"field-7\">Cuerpo del Mensaje * <\/label><textarea class=\"form-control\" name=\"Cuerpo del Mensaje\" id=\"field-7\" rows=\"3\"><\/textarea> <small class=\"form-text text-muted\"><\/small> <\/div><div class=\"form-group\"> <div class=\"form-check\">  <input class=\"form-check-input\" type=\"checkbox\" name=\"Suscribirme a Newsletter\" id=\"field-8\" > <label class=\"form-check-label\" for=\"field-8\"> Suscribirme a Newsletter <\/label> <\/div><small class=\"form-text text-muted\"><\/small> <\/div> \r\n\r\n            <div class=\"form-group\">\r\n                <div class=\"form-check\">\r\n                <input class=\"form-check-input required\" type=\"checkbox\" name=\"tyc\" id=\"tyc\" >\r\n                <label class=\"form-check-label\" for=\"tyc\">\r\n                   <a href=\"https:\/\/ventaempresas.cencosud.com.ar\/?p=142\" target=\"_blank\"> Acepto los Terminos y Condiciones <\/a>\r\n                <\/label>\r\n                <\/div>\r\n            <\/div>\r\n\r\n            <div id=\"recaptcha\" class=\"form-group\" style=\"margin-top: 30px; margin-bottom: 30px;\">\r\n                <center><div class=\"g-recaptcha\" data-sitekey=\"6Le7jMIeAAAAAOC4FiyMtEsa6ppVrHLkoVXa1YlW\"><\/div><\/center>\r\n            <\/div>\r\n\r\n        <\/form>\r\n    \r\n        <button id=\"formbtn\" class=\"float-right btn btn-primary alin\">Enviar<\/button> \r\n    <\/div>\n<\/div>\n<\/div>\n\n\n\n<p><\/p>\n","protected":false},"excerpt":{"rendered":"<p>PREGUNTAS FRECUENTES \u00bfC\u00f3mo puedo comprar GiftCard para mi empresa? Para mayor informaci\u00f3n comunicate al 0800-555-2355 Op. 3 de lunes a viernes de 9 a 18hs. o envi\u00e1 un mail a\u00a0giftcard@cencosud.com.ar\u00a0y a la brevedad un ejecutivo comercial se pondr\u00e1 en contacto. \u00bfQu\u00e9 es Giftcard Cencosud? Es una tarjeta que opera a trav\u00e9s de montos precargados y [&hellip;]<\/p>\n","protected":false},"author":1,"featured_media":0,"parent":0,"menu_order":0,"comment_status":"closed","ping_status":"closed","template":"","meta":{"footnotes":""},"_links":{"self":[{"href":"https:\/\/ventaempresas.cencosud.com.ar\/index.php?rest_route=\/wp\/v2\/pages\/69"}],"collection":[{"href":"https:\/\/ventaempresas.cencosud.com.ar\/index.php?rest_route=\/wp\/v2\/pages"}],"about":[{"href":"https:\/\/ventaempresas.cencosud.com.ar\/index.php?rest_route=\/wp\/v2\/types\/page"}],"author":[{"embeddable":true,"href":"https:\/\/ventaempresas.cencosud.com.ar\/index.php?rest_route=\/wp\/v2\/users\/1"}],"replies":[{"embeddable":true,"href":"https:\/\/ventaempresas.cencosud.com.ar\/index.php?rest_route=%2Fwp%2Fv2%2Fcomments&post=69"}],"version-history":[{"count":6,"href":"https:\/\/ventaempresas.cencosud.com.ar\/index.php?rest_route=\/wp\/v2\/pages\/69\/revisions"}],"predecessor-version":[{"id":388,"href":"https:\/\/ventaempresas.cencosud.com.ar\/index.php?rest_route=\/wp\/v2\/pages\/69\/revisions\/388"}],"wp:attachment":[{"href":"https:\/\/ventaempresas.cencosud.com.ar\/index.php?rest_route=%2Fwp%2Fv2%2Fmedia&parent=69"}],"curies":[{"name":"wp","href":"https:\/\/api.w.org\/{rel}","templated":true}]}}