{"id":49,"date":"2022-01-17T15:04:34","date_gmt":"2022-01-17T15:04:34","guid":{"rendered":"https:\/\/desa-ventaempresas.cencosud.com.ar\/?page_id=49"},"modified":"2022-03-08T02:09:07","modified_gmt":"2022-03-08T02:09:07","slug":"beneficios","status":"publish","type":"page","link":"https:\/\/ventaempresas.cencosud.com.ar\/?page_id=49","title":{"rendered":"Beneficios"},"content":{"rendered":"\n<style>\n    .wp-block-column h4 {\n        line-height: 15px !important;\n    }\n    .wp-block-column p{\n        line-height: 16px !important;\n    }\n<\/style>\n\n\n\n<div class=\"wp-block-columns is-layout-flex wp-container-core-columns-layout-7 wp-block-columns-is-layout-flex\">\n<div class=\"wp-block-column is-layout-flow wp-block-column-is-layout-flow\" style=\"flex-basis:66.66%\">\n<figure class=\"wp-block-image size-large\"><img decoding=\"async\" src=\"https:\/\/ventaempresas.cencosud.com.ar\/wp-content\/uploads\/2022\/01\/destacado-int-beneficios-1.jpg\" alt=\"\"\/><\/figure>\n\n\n\n<p class=\".post p { line-height: 1.5em; padding-bottom: 15px; }\" style=\"font-size:12px\">Giftcard Cencosud te permite brindar regalos, premios e incentivos a empleados, clientes y proveedores de forma r\u00e1pida y sencilla. Se trata de tarjetas recargables que pueden ser utilizadas en todos los retails de Cencosud, en comercios adheridos a MasterCard o en los locales de los shoppings Unicenter, Palmas del Pilar, Plaza Oeste, Portal Rosario y Portal Patagonia. Es conveniente y flexible, el monto a cargar lo define la empresa y no necesita almacenamiento.<\/p>\n\n\n\n<h2 class=\"has-text-color has-medium-font-size wp-block-heading\" style=\"color:#0070ba\">QU\u00c9 USOS POD\u00c9S DARLE\n<img loading=\"lazy\" decoding=\"async\" width=\"759\" height=\"3\" src=\"http:\/\/g100603awbbc\/wp-content\/uploads\/2022\/01\/image-8.jpeg\" alt=\"\" class=\"wp-image-179\" srcset=\"https:\/\/ventaempresas.cencosud.com.ar\/wp-content\/uploads\/2022\/01\/image-8.jpeg 759w, https:\/\/ventaempresas.cencosud.com.ar\/wp-content\/uploads\/2022\/01\/image-8-300x1.jpeg 300w\" sizes=\"(max-width: 759px) 100vw, 759px\" \/><\/h2>\n\n\n\n<div class=\"wp-block-columns is-layout-flex wp-container-core-columns-layout-3 wp-block-columns-is-layout-flex\">\n<div class=\"wp-block-column is-layout-flow wp-block-column-is-layout-flow\">\n<div class=\"wp-block-columns is-layout-flex wp-container-core-columns-layout-1 wp-block-columns-is-layout-flex\">\n<div class=\"wp-block-column is-layout-flow wp-block-column-is-layout-flow\">\n<div class=\"wp-block-image\"><figure class=\"aligncenter size-large\"><img decoding=\"async\" src=\"https:\/\/ventaempresas.cencosud.com.ar\/wp-content\/uploads\/2022\/01\/image-4.jpeg\" alt=\"\"\/><\/figure><\/div>\n\n\n\n<h4 class=\"has-text-align-center has-text-color has-small-font-size wp-block-heading\" style=\"color:#0070ba\"><strong>BENEFICIOS<br>AL PERSONAL<\/strong><\/h4>\n\n\n\n<p class=\"has-text-align-center has-small-font-size\">Bonos Escolares.<br>Aguinaldos o Cajas<br>de Mercader\u00eda.<br>Regalos de Navidad<br>o Fin de A\u00f1o.<br>Asignaciones Familiares.<\/p>\n<\/div>\n\n\n\n<div class=\"wp-block-column is-vertically-aligned-top is-layout-flow wp-block-column-is-layout-flow\">\n<div class=\"wp-block-image\"><figure class=\"aligncenter size-large\"><img decoding=\"async\" src=\"https:\/\/ventaempresas.cencosud.com.ar\/wp-content\/uploads\/2022\/01\/image-3.jpeg\" alt=\"\"\/><\/figure><\/div>\n\n\n\n<h4 class=\"has-text-align-center has-text-color has-small-font-size wp-block-heading\" style=\"color:#0070ba\"><strong>PROGRAMAS<br>DE INCENTIVOS<\/strong><\/h4>\n\n\n\n<p class=\"has-text-align-center has-small-font-size\">Bonos por desempe\u00f1o.<br>Premios e Incentivos.<br>Premiaci\u00f3n por a\u00f1os de servicio.<\/p>\n<\/div>\n<\/div>\n<\/div>\n\n\n\n<div class=\"wp-block-column is-layout-flow wp-block-column-is-layout-flow\">\n<div class=\"wp-block-columns is-layout-flex wp-container-core-columns-layout-2 wp-block-columns-is-layout-flex\">\n<div class=\"wp-block-column is-layout-flow wp-block-column-is-layout-flow\">\n<div class=\"wp-block-image\"><figure class=\"aligncenter size-large\"><img decoding=\"async\" src=\"https:\/\/ventaempresas.cencosud.com.ar\/wp-content\/uploads\/2022\/01\/image-2.jpeg\" alt=\"\"\/><\/figure><\/div>\n\n\n\n<h4 class=\"has-text-align-center has-text-color has-small-font-size wp-block-heading\" style=\"color:#0070ba\"><strong>PROGRAMAS<br>DE FIDELIDAD<\/strong><\/h4>\n\n\n\n<p class=\"has-text-align-center has-small-font-size\">Campa\u00f1as de Marketing.<br>Clubes de Incentivos<br>y Fidelizaci\u00f3n.<br>Cat\u00e1logos de Premios.<br>Regalos a Clientes.<\/p>\n<\/div>\n\n\n\n<div class=\"wp-block-column is-layout-flow wp-block-column-is-layout-flow\">\n<div class=\"wp-block-image\"><figure class=\"aligncenter size-large\"><img decoding=\"async\" src=\"https:\/\/ventaempresas.cencosud.com.ar\/wp-content\/uploads\/2022\/01\/image-1.jpeg\" alt=\"\"\/><\/figure><\/div>\n\n\n\n<h4 class=\"has-text-align-center has-text-color has-small-font-size wp-block-heading\" style=\"color:#0070ba\"><strong>ACCIONES<br>ESPECIALES<\/strong><\/h4>\n\n\n\n<p class=\"has-text-align-center has-small-font-size\">Donaciones.<br>Obras de bien p\u00fablico<br>ONG.<\/p>\n<\/div>\n<\/div>\n<\/div>\n<\/div>\n\n\n\n<h2 class=\"has-text-color has-medium-font-size\" style=\"color:#0070ba\">VENTAJAS\n<img loading=\"lazy\" decoding=\"async\" width=\"759\" height=\"3\" src=\"https:\/\/ventaempresas.cencosud.com.ar\/wp-content\/uploads\/2022\/01\/image-8.jpeg\" alt=\"\" class=\"wp-image-179\" srcset=\"https:\/\/ventaempresas.cencosud.com.ar\/wp-content\/uploads\/2022\/01\/image-8.jpeg 759w, https:\/\/ventaempresas.cencosud.com.ar\/wp-content\/uploads\/2022\/01\/image-8-300x1.jpeg 300w\" sizes=\"(max-width: 759px) 100vw, 759px\" \/><\/h2>\n\n\n\n<div class=\"wp-block-columns is-layout-flex wp-container-core-columns-layout-6 wp-block-columns-is-layout-flex\">\n<div class=\"wp-block-column is-layout-flow wp-block-column-is-layout-flow\">\n<div class=\"wp-block-columns is-layout-flex wp-container-core-columns-layout-4 wp-block-columns-is-layout-flex\">\n<div class=\"wp-block-column is-layout-flow wp-block-column-is-layout-flow\">\n<h5 class=\"has-text-align-center has-luminous-vivid-orange-color has-text-color has-small-font-size wp-block-heading\"><strong>R\u00e1pida de implementar:<\/strong><\/h5>\n\n\n\n<p class=\"has-text-align-center has-small-font-size\">Tarjetas recargables,<br>sin necesidad de cambiar<br>el pl\u00e1stico.<br>Tarjetas nominadas<br>o al portador.<\/p>\n<\/div>\n\n\n\n<div class=\"wp-block-column is-layout-flow wp-block-column-is-layout-flow\">\n<h5 class=\"has-text-align-center has-luminous-vivid-orange-color has-text-color has-small-font-size wp-block-heading\"><strong>Simple de administrar:<\/strong><\/h5>\n\n\n\n<p class=\"has-text-align-center has-small-font-size\">Facturaci\u00f3n inmediata.<br>Bloqueo en caso de<br>extrav\u00edo o p\u00e9rdida.<\/p>\n<\/div>\n<\/div>\n<\/div>\n\n\n\n<div class=\"wp-block-column is-layout-flow wp-block-column-is-layout-flow\">\n<div class=\"wp-block-columns is-layout-flex wp-container-core-columns-layout-5 wp-block-columns-is-layout-flex\">\n<div class=\"wp-block-column is-layout-flow wp-block-column-is-layout-flow\">\n<h5 class=\"has-text-align-center has-luminous-vivid-orange-color has-text-color has-small-font-size wp-block-heading\"><strong>A tu medida:<\/strong><\/h5>\n\n\n\n<p class=\"has-text-align-center has-small-font-size\">Eleg\u00ed montos y vigencia.<br>Seleccion\u00e1 los comercios<br>donde utilizar la Giftcard.<\/p>\n<\/div>\n\n\n\n<div class=\"wp-block-column is-layout-flow wp-block-column-is-layout-flow\">\n<h5 class=\"has-text-align-center has-luminous-vivid-orange-color has-text-color has-small-font-size wp-block-heading\"><strong>Conveniente:<\/strong><\/h5>\n\n\n\n<p class=\"has-text-align-center has-small-font-size\">Elimin\u00e1 costos de<br>almacenamiento,<br>trasporte, cambios y<br>devoluciones.<\/p>\n<\/div>\n<\/div>\n<\/div>\n<\/div>\n<\/div>\n\n\n\n<div class=\"wp-block-column is-layout-flow wp-block-column-is-layout-flow\" style=\"flex-basis:33.33%\">\r\n\r\n            <style>\r\n                #formulario {\r\n    border: solid 1px rgb(191, 191, 191);\r\n    border-radius: 4px;\r\n    padding: 15px 20px 50px 20px;\r\n    font-size: 12px;\r\n    font-weight: bold;\r\n}\r\n\r\n#formulario #fname{\r\n    font-size: 22px;\r\n    font-weight: bold;\r\n    text-align: center;\r\n    padding-bottom: 5px;\r\n}\r\n\r\n#formulario label{\r\n    margin-bottom: unset !important;\r\n    color: #0072bc;\r\n\r\n}\r\n\r\n#formulario .form-group {\r\n    margin: unset !important;\r\n}\r\n\r\n#formulario #recaptcha {\r\n    padding-top: 20px;\r\n    padding-bottom: 20px;\r\n}\r\n\r\n#formulario textarea {\r\n     height: 70px\r\n}\r\n\r\n#formulario #formbtn {\r\n    color: #f28d01;\r\n    border: solid 2px #f28d01;\r\n    background-color: #FFFF;\r\n    font-weight: bold;\r\n    padding-top: 3px;\r\n    padding-bottom: 3px;\r\n    padding-left: 15px;\r\n    padding-right: 15px;\r\n}\r\n\r\n                                            \r\n            <\/style>\r\n\r\n        <div id=\"formulario\"><form id=\"form\" onsubmit=\"return false;\"><div id=\"fname\">CONSULTANOS<\/div><input type='hidden' value='ds70ULa2F91y0gvTFULH1EkgO' name='idform'><div class=\"form-group\">  <label for=\"field-1\">Nombre * <\/label> <input type=\"text\" pattern=\"[a-zA-Z0-9]+\" min=\"1\" max=\"200\" class=\"form-control form-control-sm required\" name=\"Nombre\" id=\"field-1\" ><small class=\"form-text text-muted\"><\/small> <\/div><div class=\"form-group\">  <label for=\"field-2\">Apellido * <\/label> <input type=\"text\" pattern=\"[a-zA-Z0-9]+\" min=\"1\" max=\"200\" class=\"form-control form-control-sm required\" name=\"Apellido\" id=\"field-2\" ><small class=\"form-text text-muted\"><\/small> <\/div><div class=\"form-group\">  <label for=\"field-3\">Email * <\/label> <input type=\"email\" class=\"form-control form-control-sm required\" name=\"Email\" id=\"field-3\" ><small class=\"form-text text-muted\"><\/small> <\/div><div class=\"form-group\">  <label for=\"field-5\">Telefono<\/label> <input type=\"tel\" min=\"1\" max=\"15\" class=\"form-control form-control-sm \" name=\"Telefono\" id=\"field-5\" ><small class=\"form-text text-muted\"><\/small> <\/div><div class=\"form-group\">  <label for=\"field-6\">Celular * <\/label> <input type=\"tel\" min=\"1\" max=\"15\" class=\"form-control form-control-sm required\" name=\"Celular\" id=\"field-6\" ><small class=\"form-text text-muted\"><\/small> <\/div><div class=\"form-group\">  <label for=\"field-7\">Cuerpo del Mensaje * <\/label><textarea class=\"form-control\" name=\"Cuerpo del Mensaje\" id=\"field-7\" rows=\"3\"><\/textarea> <small class=\"form-text text-muted\"><\/small> <\/div><div class=\"form-group\"> <div class=\"form-check\">  <input class=\"form-check-input\" type=\"checkbox\" name=\"Suscribirme a Newsletter\" id=\"field-8\" > <label class=\"form-check-label\" for=\"field-8\"> Suscribirme a Newsletter <\/label> <\/div><small class=\"form-text text-muted\"><\/small> <\/div> \r\n\r\n            <div class=\"form-group\">\r\n                <div class=\"form-check\">\r\n                <input class=\"form-check-input required\" type=\"checkbox\" name=\"tyc\" id=\"tyc\" >\r\n                <label class=\"form-check-label\" for=\"tyc\">\r\n                   <a href=\"https:\/\/ventaempresas.cencosud.com.ar\/?p=142\" target=\"_blank\"> Acepto los Terminos y Condiciones <\/a>\r\n                <\/label>\r\n                <\/div>\r\n            <\/div>\r\n\r\n            <div id=\"recaptcha\" class=\"form-group\" style=\"margin-top: 30px; margin-bottom: 30px;\">\r\n                <center><div class=\"g-recaptcha\" data-sitekey=\"6Le7jMIeAAAAAOC4FiyMtEsa6ppVrHLkoVXa1YlW\"><\/div><\/center>\r\n            <\/div>\r\n\r\n        <\/form>\r\n    \r\n        <button id=\"formbtn\" class=\"float-right btn btn-primary alin\">Enviar<\/button> \r\n    <\/div>\n<\/div>\n<\/div>\n\n\n\n<p><\/p>\n","protected":false},"excerpt":{"rendered":"<p>Giftcard Cencosud te permite brindar regalos, premios e incentivos a empleados, clientes y proveedores de forma r\u00e1pida y sencilla. Se trata de tarjetas recargables que pueden ser utilizadas en todos los retails de Cencosud, en comercios adheridos a MasterCard o en los locales de los shoppings Unicenter, Palmas del Pilar, Plaza Oeste, Portal Rosario y [&hellip;]<\/p>\n","protected":false},"author":1,"featured_media":0,"parent":0,"menu_order":0,"comment_status":"closed","ping_status":"closed","template":"","meta":{"footnotes":""},"_links":{"self":[{"href":"https:\/\/ventaempresas.cencosud.com.ar\/index.php?rest_route=\/wp\/v2\/pages\/49"}],"collection":[{"href":"https:\/\/ventaempresas.cencosud.com.ar\/index.php?rest_route=\/wp\/v2\/pages"}],"about":[{"href":"https:\/\/ventaempresas.cencosud.com.ar\/index.php?rest_route=\/wp\/v2\/types\/page"}],"author":[{"embeddable":true,"href":"https:\/\/ventaempresas.cencosud.com.ar\/index.php?rest_route=\/wp\/v2\/users\/1"}],"replies":[{"embeddable":true,"href":"https:\/\/ventaempresas.cencosud.com.ar\/index.php?rest_route=%2Fwp%2Fv2%2Fcomments&post=49"}],"version-history":[{"count":3,"href":"https:\/\/ventaempresas.cencosud.com.ar\/index.php?rest_route=\/wp\/v2\/pages\/49\/revisions"}],"predecessor-version":[{"id":375,"href":"https:\/\/ventaempresas.cencosud.com.ar\/index.php?rest_route=\/wp\/v2\/pages\/49\/revisions\/375"}],"wp:attachment":[{"href":"https:\/\/ventaempresas.cencosud.com.ar\/index.php?rest_route=%2Fwp%2Fv2%2Fmedia&parent=49"}],"curies":[{"name":"wp","href":"https:\/\/api.w.org\/{rel}","templated":true}]}}