{"id":154,"date":"2022-01-24T14:04:23","date_gmt":"2022-01-24T14:04:23","guid":{"rendered":"https:\/\/desa-ventaempresas.cencosud.com.ar\/?page_id=154"},"modified":"2022-03-08T02:02:55","modified_gmt":"2022-03-08T02:02:55","slug":"giftcard-unicenter","status":"publish","type":"page","link":"https:\/\/ventaempresas.cencosud.com.ar\/?page_id=154","title":{"rendered":"Giftcard Unicenter"},"content":{"rendered":"\n<div class=\"wp-block-columns is-layout-flex wp-container-core-columns-layout-1 wp-block-columns-is-layout-flex\">\n<div class=\"wp-block-column is-layout-flow wp-block-column-is-layout-flow\" style=\"flex-basis:66.66%\">\n<figure class=\"wp-block-image size-full\"><img loading=\"lazy\" decoding=\"async\" width=\"759\" height=\"253\" src=\"https:\/\/ventaempresas.cencosud.com.ar\/wp-content\/uploads\/2022\/03\/destacado-int-donde-unicenter.jpg\" alt=\"\" class=\"wp-image-359\" srcset=\"https:\/\/ventaempresas.cencosud.com.ar\/wp-content\/uploads\/2022\/03\/destacado-int-donde-unicenter.jpg 759w, https:\/\/ventaempresas.cencosud.com.ar\/wp-content\/uploads\/2022\/03\/destacado-int-donde-unicenter-300x100.jpg 300w\" sizes=\"(max-width: 759px) 100vw, 759px\" \/><\/figure>\n\n\n\n<p>Giftcard Unicenter te permite incentivar a empleados, clientes y proveedores r\u00e1pida y sencillamente, brind\u00e1ndoles la posibilidad de elegir entre millones de productos de los locales de Unicenter Shopping.<\/p>\n\n\n\n<p>Conoc\u00e9 todos sus beneficios:<\/p>\n\n\n\n<ul><li>Es una tarjeta de regalo que funciona a trav\u00e9s de montos recargados definidos por la empresa.<\/li><li>De implementaci\u00f3n r\u00e1pida y simple: la recib\u00eds en solo 10 d\u00edas habiles.<\/li><li>La facturaci\u00f3n es inmediata.<\/li><li>Pueden ser nominadas o al portador<\/li><\/ul>\n<\/div>\n\n\n\n<div class=\"wp-block-column is-layout-flow wp-block-column-is-layout-flow\" style=\"flex-basis:33.33%\">\r\n\r\n            <style>\r\n                #formulario {\r\n    border: solid 1px rgb(191, 191, 191);\r\n    border-radius: 4px;\r\n    padding: 15px 20px 50px 20px;\r\n    font-size: 12px;\r\n    font-weight: bold;\r\n}\r\n\r\n#formulario #fname{\r\n    font-size: 22px;\r\n    font-weight: bold;\r\n    text-align: center;\r\n    padding-bottom: 5px;\r\n}\r\n\r\n#formulario label{\r\n    margin-bottom: unset !important;\r\n    color: #0072bc;\r\n\r\n}\r\n\r\n#formulario .form-group {\r\n    margin: unset !important;\r\n}\r\n\r\n#formulario #recaptcha {\r\n    padding-top: 20px;\r\n    padding-bottom: 20px;\r\n}\r\n\r\n#formulario textarea {\r\n     height: 70px\r\n}\r\n\r\n#formulario #formbtn {\r\n    color: #f28d01;\r\n    border: solid 2px #f28d01;\r\n    background-color: #FFFF;\r\n    font-weight: bold;\r\n    padding-top: 3px;\r\n    padding-bottom: 3px;\r\n    padding-left: 15px;\r\n    padding-right: 15px;\r\n}\r\n\r\n                                            \r\n            <\/style>\r\n\r\n        <div id=\"formulario\"><form id=\"form\" onsubmit=\"return false;\"><div id=\"fname\">CONSULTANOS<\/div><input type='hidden' value='ds70ULa2F91y0gvTFULH1EkgO' name='idform'><div class=\"form-group\">  <label for=\"field-1\">Nombre * <\/label> <input type=\"text\" pattern=\"[a-zA-Z0-9]+\" min=\"1\" max=\"200\" class=\"form-control form-control-sm required\" name=\"Nombre\" id=\"field-1\" ><small class=\"form-text text-muted\"><\/small> <\/div><div class=\"form-group\">  <label for=\"field-2\">Apellido * <\/label> <input type=\"text\" pattern=\"[a-zA-Z0-9]+\" min=\"1\" max=\"200\" class=\"form-control form-control-sm required\" name=\"Apellido\" id=\"field-2\" ><small class=\"form-text text-muted\"><\/small> <\/div><div class=\"form-group\">  <label for=\"field-3\">Email * <\/label> <input type=\"email\" class=\"form-control form-control-sm required\" name=\"Email\" id=\"field-3\" ><small class=\"form-text text-muted\"><\/small> <\/div><div class=\"form-group\">  <label for=\"field-5\">Telefono<\/label> <input type=\"tel\" min=\"1\" max=\"15\" class=\"form-control form-control-sm \" name=\"Telefono\" id=\"field-5\" ><small class=\"form-text text-muted\"><\/small> <\/div><div class=\"form-group\">  <label for=\"field-6\">Celular * <\/label> <input type=\"tel\" min=\"1\" max=\"15\" class=\"form-control form-control-sm required\" name=\"Celular\" id=\"field-6\" ><small class=\"form-text text-muted\"><\/small> <\/div><div class=\"form-group\">  <label for=\"field-7\">Cuerpo del Mensaje * <\/label><textarea class=\"form-control\" name=\"Cuerpo del Mensaje\" id=\"field-7\" rows=\"3\"><\/textarea> <small class=\"form-text text-muted\"><\/small> <\/div><div class=\"form-group\"> <div class=\"form-check\">  <input class=\"form-check-input\" type=\"checkbox\" name=\"Suscribirme a Newsletter\" id=\"field-8\" > <label class=\"form-check-label\" for=\"field-8\"> Suscribirme a Newsletter <\/label> <\/div><small class=\"form-text text-muted\"><\/small> <\/div> \r\n\r\n            <div class=\"form-group\">\r\n                <div class=\"form-check\">\r\n                <input class=\"form-check-input required\" type=\"checkbox\" name=\"tyc\" id=\"tyc\" >\r\n                <label class=\"form-check-label\" for=\"tyc\">\r\n                   <a href=\"https:\/\/ventaempresas.cencosud.com.ar\/?p=142\" target=\"_blank\"> Acepto los Terminos y Condiciones <\/a>\r\n                <\/label>\r\n                <\/div>\r\n            <\/div>\r\n\r\n            <div id=\"recaptcha\" class=\"form-group\" style=\"margin-top: 30px; margin-bottom: 30px;\">\r\n                <center><div class=\"g-recaptcha\" data-sitekey=\"6Le7jMIeAAAAAOC4FiyMtEsa6ppVrHLkoVXa1YlW\"><\/div><\/center>\r\n            <\/div>\r\n\r\n        <\/form>\r\n    \r\n        <button id=\"formbtn\" class=\"float-right btn btn-primary alin\">Enviar<\/button> \r\n    <\/div>\n<\/div>\n<\/div>\n\n\n\n<p><\/p>\n","protected":false},"excerpt":{"rendered":"<p>Giftcard Unicenter te permite incentivar a empleados, clientes y proveedores r\u00e1pida y sencillamente, brind\u00e1ndoles la posibilidad de elegir entre millones de productos de los locales de Unicenter Shopping. Conoc\u00e9 todos sus beneficios: Es una tarjeta de regalo que funciona a trav\u00e9s de montos recargados definidos por la empresa. De implementaci\u00f3n r\u00e1pida y simple: la recib\u00eds [&hellip;]<\/p>\n","protected":false},"author":1,"featured_media":0,"parent":0,"menu_order":0,"comment_status":"closed","ping_status":"closed","template":"","meta":{"footnotes":""},"_links":{"self":[{"href":"https:\/\/ventaempresas.cencosud.com.ar\/index.php?rest_route=\/wp\/v2\/pages\/154"}],"collection":[{"href":"https:\/\/ventaempresas.cencosud.com.ar\/index.php?rest_route=\/wp\/v2\/pages"}],"about":[{"href":"https:\/\/ventaempresas.cencosud.com.ar\/index.php?rest_route=\/wp\/v2\/types\/page"}],"author":[{"embeddable":true,"href":"https:\/\/ventaempresas.cencosud.com.ar\/index.php?rest_route=\/wp\/v2\/users\/1"}],"replies":[{"embeddable":true,"href":"https:\/\/ventaempresas.cencosud.com.ar\/index.php?rest_route=%2Fwp%2Fv2%2Fcomments&post=154"}],"version-history":[{"count":1,"href":"https:\/\/ventaempresas.cencosud.com.ar\/index.php?rest_route=\/wp\/v2\/pages\/154\/revisions"}],"predecessor-version":[{"id":372,"href":"https:\/\/ventaempresas.cencosud.com.ar\/index.php?rest_route=\/wp\/v2\/pages\/154\/revisions\/372"}],"wp:attachment":[{"href":"https:\/\/ventaempresas.cencosud.com.ar\/index.php?rest_route=%2Fwp%2Fv2%2Fmedia&parent=154"}],"curies":[{"name":"wp","href":"https:\/\/api.w.org\/{rel}","templated":true}]}}